{"id":1508,"date":"2021-04-10T12:16:49","date_gmt":"2021-04-10T10:16:49","guid":{"rendered":"https:\/\/clbsavocats.com\/?page_id=1508"},"modified":"2023-01-26T17:21:22","modified_gmt":"2023-01-26T16:21:22","slug":"news","status":"publish","type":"page","link":"https:\/\/clbsavocats.com\/en\/news\/","title":{"rendered":"News"},"content":{"rendered":"<div   data-autoplay=''  data-interval='5'  data-animation='fade'  data-show_slide_delay='90'  class='avia-content-slider avia-content-grid-active avia-content-slider1 avia-content-slider-odd  avia-builder-el-0  avia-builder-el-no-sibling  '  itemscope=\"itemscope\" itemtype=\"https:\/\/schema.org\/Blog\" ><div class='avia-content-slider-inner'><div class='slide-entry-wrap'><article class='slide-entry flex_column  post-entry post-entry-2350 slide-entry-overview slide-loop-1 slide-parity-odd  av_one_third first real-thumbnail post-format-standard'  itemscope=\"itemscope\" itemtype=\"https:\/\/schema.org\/CreativeWork\" ><a href='https:\/\/clbsavocats.com\/en\/2023\/01\/20\/responsabilite-des-sites-de-ventes-en-ligne-cjue-22-decembre-2022-louboutin-c-amazon\/' data-rel='slide-1' class='slide-image' title='Responsabilit\u00e9 des sites de vente en ligne &#8211; CJUE 22 d\u00e9cembre 2022 Louboutin c.\/ Amazon'><img width=\"495\" height=\"400\" src=\"https:\/\/clbsavocats.com\/wp-content\/uploads\/sites\/21\/2021\/01\/6836689D-CAF5-4E8D-8776-2627784907B3-495x400.jpeg\" class=\"wp-image-214 avia-img-lazy-loading-not-214 attachment-portfolio size-portfolio wp-post-image\" alt=\"6836689D-CAF5-4E8D-8776-2627784907B3\" srcset=\"https:\/\/clbsavocats.com\/wp-content\/uploads\/sites\/21\/2021\/01\/6836689D-CAF5-4E8D-8776-2627784907B3-495x400.jpeg 495w, https:\/\/clbsavocats.com\/wp-content\/uploads\/sites\/21\/2021\/01\/6836689D-CAF5-4E8D-8776-2627784907B3-16x12.jpeg 16w, https:\/\/clbsavocats.com\/wp-content\/uploads\/sites\/21\/2021\/01\/6836689D-CAF5-4E8D-8776-2627784907B3-845x684.jpeg 845w\" sizes=\"(max-width: 495px) 100vw, 495px\" \/><\/a><div class='slide-content'><header class=\"entry-content-header\"><h3 class='slide-entry-title entry-title '  itemprop=\"headline\" ><a href='https:\/\/clbsavocats.com\/en\/2023\/01\/20\/responsabilite-des-sites-de-ventes-en-ligne-cjue-22-decembre-2022-louboutin-c-amazon\/' title='Responsabilit\u00e9 des sites de vente en ligne &#8211; CJUE 22 d\u00e9cembre 2022 Louboutin c.\/ Amazon'>Responsabilit\u00e9 des sites de vente en ligne &#8211; CJUE 22 d\u00e9cembre 2022 Louboutin c.\/ Amazon<\/a><\/h3><span class=\"av-vertical-delimiter\"><\/span><\/header><div class='slide-meta'><time class='slide-meta-time updated'  itemprop=\"datePublished\" datetime=\"2023-01-20T16:05:42+01:00\" >20 January 2023<\/time><\/div><div class='slide-entry-excerpt entry-content'  itemprop=\"text\" >La Cour de justice de l\u2019Union europ\u00e9enne a r\u00e9cemment statu\u00e9 sur les principes applicables en mati\u00e8re d\u2019atteinte \u00e0 la marque du fait de leur usage sur les sites de vente en ligne.<div class=\"read-more-link\"><a href=\"https:\/\/clbsavocats.com\/en\/2023\/01\/20\/responsabilite-des-sites-de-ventes-en-ligne-cjue-22-decembre-2022-louboutin-c-amazon\/\" class=\"more-link\">Read more<span class=\"more-link-arrow\"><\/span><\/a><\/div><\/div><\/div><footer class=\"entry-footer\"><\/footer><span class='hidden'>\n\t\t\t\t<span class='av-structured-data'  itemprop=\"image\" itemscope=\"itemscope\" itemtype=\"https:\/\/schema.org\/ImageObject\" >\n\t\t\t\t\t\t<span itemprop='url'>https:\/\/clbsavocats.com\/wp-content\/uploads\/sites\/21\/2021\/01\/6836689D-CAF5-4E8D-8776-2627784907B3.jpeg<\/span>\n\t\t\t\t\t\t<span itemprop='height'>960<\/span>\n\t\t\t\t\t\t<span itemprop='width'>1280<\/span>\n\t\t\t\t<\/span>\n\t\t\t\t<span class='av-structured-data'  itemprop=\"publisher\" itemtype=\"https:\/\/schema.org\/Organization\" itemscope=\"itemscope\" >\n\t\t\t\t\t\t<span itemprop='name'>Claire BERTHEUX SCOTTE<\/span>\n\t\t\t\t\t\t<span itemprop='logo' itemscope itemtype='https:\/\/schema.org\/ImageObject'>\n\t\t\t\t\t\t\t<span itemprop='url'>https:\/\/clbsavocats.com\/wp-content\/uploads\/sites\/21\/2021\/05\/Claire-BERTHEUX-SCOTTE-Opacity-OutOfTheBox-500x500-1-300x300.png<\/span>\n\t\t\t\t\t\t <\/span>\n\t\t\t\t<\/span><span class='av-structured-data'  itemprop=\"author\" itemscope=\"itemscope\" itemtype=\"https:\/\/schema.org\/Person\" ><span itemprop='name'>Claire BERTHEUX SCOTTE<\/span><\/span><span class='av-structured-data'  itemprop=\"datePublished\" datetime=\"2021-04-10T12:16:49+02:00\" >2023-01-20 16:05:42<\/span><span class='av-structured-data'  itemprop=\"dateModified\" itemtype=\"https:\/\/schema.org\/dateModified\" >2023-01-27 14:51:40<\/span><span class='av-structured-data'  itemprop=\"mainEntityOfPage\" itemtype=\"https:\/\/schema.org\/mainEntityOfPage\" ><span itemprop='name'>Responsabilit\u00e9 des sites de vente en ligne &#8211; CJUE 22 d\u00e9cembre 2022 Louboutin c.\/ Amazon<\/span><\/span><\/span><\/article><article class='slide-entry flex_column  post-entry post-entry-2120 slide-entry-overview slide-loop-2 slide-parity-even  av_one_third  real-thumbnail post-format-standard'  itemscope=\"itemscope\" itemtype=\"https:\/\/schema.org\/CreativeWork\" ><a href='https:\/\/clbsavocats.com\/en\/2022\/05\/19\/que-faut-il-entendre-par-marques-sonores\/' data-rel='slide-1' class='slide-image' title='Que faut-il entendre par marques sonores ?'><img width=\"495\" height=\"400\" src=\"https:\/\/clbsavocats.com\/wp-content\/uploads\/sites\/21\/2021\/01\/DC9DC28C-EC08-42AD-901A-C4849BF8CC70-495x400.jpeg\" class=\"wp-image-203 avia-img-lazy-loading-not-203 attachment-portfolio size-portfolio wp-post-image\" alt=\"\" srcset=\"https:\/\/clbsavocats.com\/wp-content\/uploads\/sites\/21\/2021\/01\/DC9DC28C-EC08-42AD-901A-C4849BF8CC70-495x400.jpeg 495w, https:\/\/clbsavocats.com\/wp-content\/uploads\/sites\/21\/2021\/01\/DC9DC28C-EC08-42AD-901A-C4849BF8CC70-16x12.jpeg 16w, https:\/\/clbsavocats.com\/wp-content\/uploads\/sites\/21\/2021\/01\/DC9DC28C-EC08-42AD-901A-C4849BF8CC70-845x684.jpeg 845w\" sizes=\"(max-width: 495px) 100vw, 495px\" \/><\/a><div class='slide-content'><header class=\"entry-content-header\"><h3 class='slide-entry-title entry-title '  itemprop=\"headline\" ><a href='https:\/\/clbsavocats.com\/en\/2022\/05\/19\/que-faut-il-entendre-par-marques-sonores\/' title='Que faut-il entendre par marques sonores ?'>Que faut-il entendre par marques sonores ?<\/a><\/h3><span class=\"av-vertical-delimiter\"><\/span><\/header><div class='slide-meta'><time class='slide-meta-time updated'  itemprop=\"datePublished\" datetime=\"2022-05-19T17:05:32+02:00\" >19 May 2022<\/time><\/div><div class='slide-entry-excerpt entry-content'  itemprop=\"text\" >L\u2019exigence de repr\u00e9sentation graphique des marques a disparu en France comme cela \u00e9tait d\u00e9j\u00e0 le cas depuis 2017 pour les marques de l\u2019Union europ\u00e9enne.<div class=\"read-more-link\"><a href=\"https:\/\/clbsavocats.com\/en\/2022\/05\/19\/que-faut-il-entendre-par-marques-sonores\/\" class=\"more-link\">Read more<span class=\"more-link-arrow\"><\/span><\/a><\/div><\/div><\/div><footer class=\"entry-footer\"><\/footer><span class='hidden'>\n\t\t\t\t<span class='av-structured-data'  itemprop=\"image\" itemscope=\"itemscope\" itemtype=\"https:\/\/schema.org\/ImageObject\" >\n\t\t\t\t\t\t<span itemprop='url'>https:\/\/clbsavocats.com\/wp-content\/uploads\/sites\/21\/2021\/01\/DC9DC28C-EC08-42AD-901A-C4849BF8CC70.jpeg<\/span>\n\t\t\t\t\t\t<span itemprop='height'>960<\/span>\n\t\t\t\t\t\t<span itemprop='width'>1280<\/span>\n\t\t\t\t<\/span>\n\t\t\t\t<span class='av-structured-data'  itemprop=\"publisher\" itemtype=\"https:\/\/schema.org\/Organization\" itemscope=\"itemscope\" >\n\t\t\t\t\t\t<span itemprop='name'>Claire BERTHEUX SCOTTE<\/span>\n\t\t\t\t\t\t<span itemprop='logo' itemscope itemtype='https:\/\/schema.org\/ImageObject'>\n\t\t\t\t\t\t\t<span itemprop='url'>https:\/\/clbsavocats.com\/wp-content\/uploads\/sites\/21\/2021\/05\/Claire-BERTHEUX-SCOTTE-Opacity-OutOfTheBox-500x500-1-300x300.png<\/span>\n\t\t\t\t\t\t <\/span>\n\t\t\t\t<\/span><span class='av-structured-data'  itemprop=\"author\" itemscope=\"itemscope\" itemtype=\"https:\/\/schema.org\/Person\" ><span itemprop='name'>Claire BERTHEUX SCOTTE<\/span><\/span><span class='av-structured-data'  itemprop=\"datePublished\" datetime=\"2021-04-10T12:16:49+02:00\" >2022-05-19 17:05:32<\/span><span class='av-structured-data'  itemprop=\"dateModified\" itemtype=\"https:\/\/schema.org\/dateModified\" >2023-01-26 16:57:42<\/span><span class='av-structured-data'  itemprop=\"mainEntityOfPage\" itemtype=\"https:\/\/schema.org\/mainEntityOfPage\" ><span itemprop='name'>Que faut-il entendre par marques sonores ?<\/span><\/span><\/span><\/article><article class='slide-entry flex_column  post-entry post-entry-1710 slide-entry-overview slide-loop-3 slide-parity-odd  av_one_third  real-thumbnail post-format-standard'  itemscope=\"itemscope\" itemtype=\"https:\/\/schema.org\/CreativeWork\" ><a href='https:\/\/clbsavocats.com\/en\/2021\/06\/17\/redeposer-nest-pas-proteger\/' data-rel='slide-1' class='slide-image' title='Red\u00e9poser n\u2019est pas prot\u00e9ger !'><img width=\"495\" height=\"400\" src=\"https:\/\/clbsavocats.com\/wp-content\/uploads\/sites\/21\/2021\/06\/6BB3379E-11-54f456d1-495x400.jpg\" class=\"wp-image-1719 avia-img-lazy-loading-not-1719 attachment-portfolio size-portfolio wp-post-image\" alt=\"6BB3379E-11-54f456d1\" srcset=\"https:\/\/clbsavocats.com\/wp-content\/uploads\/sites\/21\/2021\/06\/6BB3379E-11-54f456d1-495x400.jpg 495w, https:\/\/clbsavocats.com\/wp-content\/uploads\/sites\/21\/2021\/06\/6BB3379E-11-54f456d1-16x12.jpg 16w\" sizes=\"(max-width: 495px) 100vw, 495px\" \/><\/a><div class='slide-content'><header class=\"entry-content-header\"><h3 class='slide-entry-title entry-title '  itemprop=\"headline\" ><a href='https:\/\/clbsavocats.com\/en\/2021\/06\/17\/redeposer-nest-pas-proteger\/' title='Red\u00e9poser n\u2019est pas prot\u00e9ger !'>Red\u00e9poser n\u2019est pas prot\u00e9ger !<\/a><\/h3><span class=\"av-vertical-delimiter\"><\/span><\/header><div class='slide-meta'><time class='slide-meta-time updated'  itemprop=\"datePublished\" datetime=\"2021-06-17T10:01:11+02:00\" >17 June 2021<\/time><\/div><div class='slide-entry-excerpt entry-content'  itemprop=\"text\" >D\u00e9p\u00f4ts de marque successifs et mauvaise foi du d\u00e9posant \u2013 TPIUE 21\/04\/2021 T-663\/1<div class=\"read-more-link\"><a href=\"https:\/\/clbsavocats.com\/en\/2021\/06\/17\/redeposer-nest-pas-proteger\/\" class=\"more-link\">Read more<span class=\"more-link-arrow\"><\/span><\/a><\/div><\/div><\/div><footer class=\"entry-footer\"><\/footer><span class='hidden'>\n\t\t\t\t<span class='av-structured-data'  itemprop=\"image\" itemscope=\"itemscope\" itemtype=\"https:\/\/schema.org\/ImageObject\" >\n\t\t\t\t\t\t<span itemprop='url'>https:\/\/clbsavocats.com\/wp-content\/uploads\/sites\/21\/2021\/06\/6BB3379E-11-54f456d1.jpg<\/span>\n\t\t\t\t\t\t<span itemprop='height'>480<\/span>\n\t\t\t\t\t\t<span itemprop='width'>640<\/span>\n\t\t\t\t<\/span>\n\t\t\t\t<span class='av-structured-data'  itemprop=\"publisher\" itemtype=\"https:\/\/schema.org\/Organization\" itemscope=\"itemscope\" >\n\t\t\t\t\t\t<span itemprop='name'>Claire BERTHEUX SCOTTE<\/span>\n\t\t\t\t\t\t<span itemprop='logo' itemscope itemtype='https:\/\/schema.org\/ImageObject'>\n\t\t\t\t\t\t\t<span itemprop='url'>https:\/\/clbsavocats.com\/wp-content\/uploads\/sites\/21\/2021\/05\/Claire-BERTHEUX-SCOTTE-Opacity-OutOfTheBox-500x500-1-300x300.png<\/span>\n\t\t\t\t\t\t <\/span>\n\t\t\t\t<\/span><span class='av-structured-data'  itemprop=\"author\" itemscope=\"itemscope\" itemtype=\"https:\/\/schema.org\/Person\" ><span itemprop='name'>Claire BERTHEUX SCOTTE<\/span><\/span><span class='av-structured-data'  itemprop=\"datePublished\" datetime=\"2021-04-10T12:16:49+02:00\" >2021-06-17 10:01:11<\/span><span class='av-structured-data'  itemprop=\"dateModified\" itemtype=\"https:\/\/schema.org\/dateModified\" >2023-01-26 16:49:38<\/span><span class='av-structured-data'  itemprop=\"mainEntityOfPage\" itemtype=\"https:\/\/schema.org\/mainEntityOfPage\" ><span itemprop='name'>Red\u00e9poser n\u2019est pas prot\u00e9ger !<\/span><\/span><\/span><\/article><\/div><div class='slide-entry-wrap'><article class='slide-entry flex_column  post-entry post-entry-272 slide-entry-overview slide-loop-4 slide-parity-odd  av_one_third first real-thumbnail post-format-standard'  itemscope=\"itemscope\" itemtype=\"https:\/\/schema.org\/CreativeWork\" ><a href='https:\/\/clbsavocats.com\/en\/2020\/06\/15\/272\/' data-rel='slide-1' class='slide-image' title='Les cons\u00e9quences du Brexit sur les noms de domaine en .eu'><img width=\"495\" height=\"400\" src=\"https:\/\/clbsavocats.com\/wp-content\/uploads\/sites\/21\/2021\/01\/6836689D-CAF5-4E8D-8776-2627784907B3-495x400.jpeg\" class=\"wp-image-214 avia-img-lazy-loading-not-214 attachment-portfolio size-portfolio wp-post-image\" alt=\"6836689D-CAF5-4E8D-8776-2627784907B3\" srcset=\"https:\/\/clbsavocats.com\/wp-content\/uploads\/sites\/21\/2021\/01\/6836689D-CAF5-4E8D-8776-2627784907B3-495x400.jpeg 495w, https:\/\/clbsavocats.com\/wp-content\/uploads\/sites\/21\/2021\/01\/6836689D-CAF5-4E8D-8776-2627784907B3-16x12.jpeg 16w, https:\/\/clbsavocats.com\/wp-content\/uploads\/sites\/21\/2021\/01\/6836689D-CAF5-4E8D-8776-2627784907B3-845x684.jpeg 845w\" sizes=\"(max-width: 495px) 100vw, 495px\" \/><\/a><div class='slide-content'><header class=\"entry-content-header\"><h3 class='slide-entry-title entry-title '  itemprop=\"headline\" ><a href='https:\/\/clbsavocats.com\/en\/2020\/06\/15\/272\/' title='Les cons\u00e9quences du Brexit sur les noms de domaine en .eu'>Les cons\u00e9quences du Brexit sur les noms de domaine en .eu<\/a><\/h3><span class=\"av-vertical-delimiter\"><\/span><\/header><div class='slide-meta'><time class='slide-meta-time updated'  itemprop=\"datePublished\" datetime=\"2020-06-15T00:06:35+02:00\" >15 June 2020<\/time><\/div><div class='slide-entry-excerpt entry-content'  itemprop=\"text\" >La r\u00e9servation d\u2019un nom de domaine dans l\u2019extension .eu est conditionn\u00e9e \u00e0 la justification d\u2019un \u00e9tablissement dans l\u2019Union europ\u00e9enne.<div class=\"read-more-link\"><a href=\"https:\/\/clbsavocats.com\/en\/2020\/06\/15\/272\/\" class=\"more-link\">Read more<span class=\"more-link-arrow\"><\/span><\/a><\/div><\/div><\/div><footer class=\"entry-footer\"><\/footer><span class='hidden'>\n\t\t\t\t<span class='av-structured-data'  itemprop=\"image\" itemscope=\"itemscope\" itemtype=\"https:\/\/schema.org\/ImageObject\" >\n\t\t\t\t\t\t<span itemprop='url'>https:\/\/clbsavocats.com\/wp-content\/uploads\/sites\/21\/2021\/01\/6836689D-CAF5-4E8D-8776-2627784907B3.jpeg<\/span>\n\t\t\t\t\t\t<span itemprop='height'>960<\/span>\n\t\t\t\t\t\t<span itemprop='width'>1280<\/span>\n\t\t\t\t<\/span>\n\t\t\t\t<span class='av-structured-data'  itemprop=\"publisher\" itemtype=\"https:\/\/schema.org\/Organization\" itemscope=\"itemscope\" >\n\t\t\t\t\t\t<span itemprop='name'>Claire BERTHEUX SCOTTE<\/span>\n\t\t\t\t\t\t<span itemprop='logo' itemscope itemtype='https:\/\/schema.org\/ImageObject'>\n\t\t\t\t\t\t\t<span itemprop='url'>https:\/\/clbsavocats.com\/wp-content\/uploads\/sites\/21\/2021\/05\/Claire-BERTHEUX-SCOTTE-Opacity-OutOfTheBox-500x500-1-300x300.png<\/span>\n\t\t\t\t\t\t <\/span>\n\t\t\t\t<\/span><span class='av-structured-data'  itemprop=\"author\" itemscope=\"itemscope\" itemtype=\"https:\/\/schema.org\/Person\" ><span itemprop='name'>Claire BERTHEUX SCOTTE<\/span><\/span><span class='av-structured-data'  itemprop=\"datePublished\" datetime=\"2021-04-10T12:16:49+02:00\" >2020-06-15 00:06:35<\/span><span class='av-structured-data'  itemprop=\"dateModified\" itemtype=\"https:\/\/schema.org\/dateModified\" >2021-02-19 16:21:19<\/span><span class='av-structured-data'  itemprop=\"mainEntityOfPage\" itemtype=\"https:\/\/schema.org\/mainEntityOfPage\" ><span itemprop='name'>Les cons\u00e9quences du Brexit sur les noms de domaine en .eu<\/span><\/span><\/span><\/article><article class='slide-entry flex_column  post-entry post-entry-275 slide-entry-overview slide-loop-5 slide-parity-even  post-entry-last  av_one_third  real-thumbnail post-format-standard'  itemscope=\"itemscope\" itemtype=\"https:\/\/schema.org\/CreativeWork\" ><a href='https:\/\/clbsavocats.com\/en\/2020\/04\/23\/275\/' data-rel='slide-1' class='slide-image' title='Les cons\u00e9quences du Brexit sur les marques de l\u2019Union europ\u00e9enne'><img width=\"495\" height=\"400\" src=\"https:\/\/clbsavocats.com\/wp-content\/uploads\/sites\/21\/2021\/01\/EC723045-763E-4DB2-8D13-413035F850AB-495x400.jpeg\" class=\"wp-image-210 avia-img-lazy-loading-not-210 attachment-portfolio size-portfolio wp-post-image\" alt=\"\" srcset=\"https:\/\/clbsavocats.com\/wp-content\/uploads\/sites\/21\/2021\/01\/EC723045-763E-4DB2-8D13-413035F850AB-495x400.jpeg 495w, https:\/\/clbsavocats.com\/wp-content\/uploads\/sites\/21\/2021\/01\/EC723045-763E-4DB2-8D13-413035F850AB-16x12.jpeg 16w, https:\/\/clbsavocats.com\/wp-content\/uploads\/sites\/21\/2021\/01\/EC723045-763E-4DB2-8D13-413035F850AB-845x684.jpeg 845w\" sizes=\"(max-width: 495px) 100vw, 495px\" \/><\/a><div class='slide-content'><header class=\"entry-content-header\"><h3 class='slide-entry-title entry-title '  itemprop=\"headline\" ><a href='https:\/\/clbsavocats.com\/en\/2020\/04\/23\/275\/' title='Les cons\u00e9quences du Brexit sur les marques de l\u2019Union europ\u00e9enne'>Les cons\u00e9quences du Brexit sur les marques de l\u2019Union europ\u00e9enne<\/a><\/h3><span class=\"av-vertical-delimiter\"><\/span><\/header><div class='slide-meta'><time class='slide-meta-time updated'  itemprop=\"datePublished\" datetime=\"2020-04-23T09:00:00+02:00\" >23 April 2020<\/time><\/div><div class='slide-entry-excerpt entry-content'  itemprop=\"text\" >Formidable outil de protection des signes distinctifs, le syst\u00e8me de la marque de l\u2019Union europ\u00e9enne permet au moyen d\u2019un d\u00e9p\u00f4t unique d\u2019obtenir la protection de sa marque dans tous les pays de l\u2019Union europ\u00e9enne.<div class=\"read-more-link\"><a href=\"https:\/\/clbsavocats.com\/en\/2020\/04\/23\/275\/\" class=\"more-link\">Read more<span class=\"more-link-arrow\"><\/span><\/a><\/div><\/div><\/div><footer class=\"entry-footer\"><\/footer><span class='hidden'>\n\t\t\t\t<span class='av-structured-data'  itemprop=\"image\" itemscope=\"itemscope\" itemtype=\"https:\/\/schema.org\/ImageObject\" >\n\t\t\t\t\t\t<span itemprop='url'>https:\/\/clbsavocats.com\/wp-content\/uploads\/sites\/21\/2021\/01\/EC723045-763E-4DB2-8D13-413035F850AB.jpeg<\/span>\n\t\t\t\t\t\t<span itemprop='height'>960<\/span>\n\t\t\t\t\t\t<span itemprop='width'>1280<\/span>\n\t\t\t\t<\/span>\n\t\t\t\t<span class='av-structured-data'  itemprop=\"publisher\" itemtype=\"https:\/\/schema.org\/Organization\" itemscope=\"itemscope\" >\n\t\t\t\t\t\t<span itemprop='name'>Claire BERTHEUX SCOTTE<\/span>\n\t\t\t\t\t\t<span itemprop='logo' itemscope itemtype='https:\/\/schema.org\/ImageObject'>\n\t\t\t\t\t\t\t<span itemprop='url'>https:\/\/clbsavocats.com\/wp-content\/uploads\/sites\/21\/2021\/05\/Claire-BERTHEUX-SCOTTE-Opacity-OutOfTheBox-500x500-1-300x300.png<\/span>\n\t\t\t\t\t\t <\/span>\n\t\t\t\t<\/span><span class='av-structured-data'  itemprop=\"author\" itemscope=\"itemscope\" itemtype=\"https:\/\/schema.org\/Person\" ><span itemprop='name'>Claire BERTHEUX SCOTTE<\/span><\/span><span class='av-structured-data'  itemprop=\"datePublished\" datetime=\"2021-04-10T12:16:49+02:00\" >2020-04-23 09:00:00<\/span><span class='av-structured-data'  itemprop=\"dateModified\" itemtype=\"https:\/\/schema.org\/dateModified\" >2021-04-29 23:29:06<\/span><span class='av-structured-data'  itemprop=\"mainEntityOfPage\" itemtype=\"https:\/\/schema.org\/mainEntityOfPage\" ><span itemprop='name'>Les cons\u00e9quences du Brexit sur les marques de l\u2019Union europ\u00e9enne<\/span><\/span><\/span><\/article><\/div><\/div><\/div>\n","protected":false},"excerpt":{"rendered":"","protected":false},"author":1,"featured_media":1662,"parent":0,"menu_order":0,"comment_status":"closed","ping_status":"closed","template":"","meta":[],"yoast_head":"<!-- This site is optimized with the Yoast SEO plugin v16.1.1 - https:\/\/yoast.com\/wordpress\/plugins\/seo\/ -->\n<title>News - Claire BERTHEUX SCOTTE<\/title>\n<link rel=\"canonical\" href=\"https:\/\/clbsavocats.com\/en\/news\/\" \/>\n<meta property=\"og:locale\" content=\"en_GB\" \/>\n<meta property=\"og:type\" content=\"article\" \/>\n<meta property=\"og:title\" content=\"News - Claire BERTHEUX SCOTTE\" \/>\n<meta property=\"og:url\" content=\"https:\/\/clbsavocats.com\/en\/news\/\" \/>\n<meta property=\"og:site_name\" content=\"Claire BERTHEUX SCOTTE\" \/>\n<meta property=\"article:modified_time\" content=\"2023-01-26T16:21:22+00:00\" \/>\n<meta property=\"og:image\" content=\"https:\/\/clbsavocats.com\/wp-content\/uploads\/sites\/21\/2021\/05\/Claire-BERTHEUX-SCOTTE-Opacity-OutOfTheBox-500x500-1.png\" \/>\n\t<meta property=\"og:image:width\" content=\"500\" \/>\n\t<meta property=\"og:image:height\" content=\"500\" \/>\n<meta name=\"twitter:card\" content=\"summary_large_image\" \/>\n<meta name=\"twitter:label1\" content=\"Estimated reading time\">\n\t<meta name=\"twitter:data1\" content=\"1 minute\">\n<script type=\"application\/ld+json\" class=\"yoast-schema-graph\">{\"@context\":\"https:\/\/schema.org\",\"@graph\":[{\"@type\":\"WebSite\",\"@id\":\"https:\/\/clbsavocats.com\/fr\/#website\",\"url\":\"https:\/\/clbsavocats.com\/fr\/\",\"name\":\"Claire BERTHEUX SCOTTE\",\"description\":\"Lawyer specialized in intellectual property law\",\"potentialAction\":[{\"@type\":\"SearchAction\",\"target\":\"https:\/\/clbsavocats.com\/fr\/?s={search_term_string}\",\"query-input\":\"required name=search_term_string\"}],\"inLanguage\":\"en-GB\"},{\"@type\":\"ImageObject\",\"@id\":\"https:\/\/clbsavocats.com\/news\/#primaryimage\",\"inLanguage\":\"en-GB\",\"url\":\"https:\/\/clbsavocats.com\/wp-content\/uploads\/sites\/21\/2021\/05\/Claire-BERTHEUX-SCOTTE-Opacity-OutOfTheBox-500x500-1.png\",\"contentUrl\":\"https:\/\/clbsavocats.com\/wp-content\/uploads\/sites\/21\/2021\/05\/Claire-BERTHEUX-SCOTTE-Opacity-OutOfTheBox-500x500-1.png\",\"width\":500,\"height\":500},{\"@type\":\"WebPage\",\"@id\":\"https:\/\/clbsavocats.com\/news\/#webpage\",\"url\":\"https:\/\/clbsavocats.com\/news\/\",\"name\":\"News - Claire BERTHEUX SCOTTE\",\"isPartOf\":{\"@id\":\"https:\/\/clbsavocats.com\/fr\/#website\"},\"primaryImageOfPage\":{\"@id\":\"https:\/\/clbsavocats.com\/news\/#primaryimage\"},\"datePublished\":\"2021-04-10T10:16:49+00:00\",\"dateModified\":\"2023-01-26T16:21:22+00:00\",\"breadcrumb\":{\"@id\":\"https:\/\/clbsavocats.com\/news\/#breadcrumb\"},\"inLanguage\":\"en-GB\",\"potentialAction\":[{\"@type\":\"ReadAction\",\"target\":[\"https:\/\/clbsavocats.com\/news\/\"]}]},{\"@type\":\"BreadcrumbList\",\"@id\":\"https:\/\/clbsavocats.com\/news\/#breadcrumb\",\"itemListElement\":[{\"@type\":\"ListItem\",\"position\":1,\"item\":{\"@type\":\"WebPage\",\"@id\":\"https:\/\/clbsavocats.com\/claire-bertheux-scotte-avocate-droit-propriete-intellectuelle-marques-paris\/\",\"url\":\"https:\/\/clbsavocats.com\/claire-bertheux-scotte-avocate-droit-propriete-intellectuelle-marques-paris\/\",\"name\":\"Accueil\"}},{\"@type\":\"ListItem\",\"position\":2,\"item\":{\"@type\":\"WebPage\",\"@id\":\"https:\/\/clbsavocats.com\/news\/\",\"url\":\"https:\/\/clbsavocats.com\/news\/\",\"name\":\"News\"}}]}]}<\/script>\n<!-- \/ Yoast SEO plugin. -->","_links":{"self":[{"href":"https:\/\/clbsavocats.com\/en\/wp-json\/wp\/v2\/pages\/1508"}],"collection":[{"href":"https:\/\/clbsavocats.com\/en\/wp-json\/wp\/v2\/pages"}],"about":[{"href":"https:\/\/clbsavocats.com\/en\/wp-json\/wp\/v2\/types\/page"}],"author":[{"embeddable":true,"href":"https:\/\/clbsavocats.com\/en\/wp-json\/wp\/v2\/users\/1"}],"replies":[{"embeddable":true,"href":"https:\/\/clbsavocats.com\/en\/wp-json\/wp\/v2\/comments?post=1508"}],"version-history":[{"count":9,"href":"https:\/\/clbsavocats.com\/en\/wp-json\/wp\/v2\/pages\/1508\/revisions"}],"predecessor-version":[{"id":2381,"href":"https:\/\/clbsavocats.com\/en\/wp-json\/wp\/v2\/pages\/1508\/revisions\/2381"}],"wp:featuredmedia":[{"embeddable":true,"href":"https:\/\/clbsavocats.com\/en\/wp-json\/wp\/v2\/media\/1662"}],"wp:attachment":[{"href":"https:\/\/clbsavocats.com\/en\/wp-json\/wp\/v2\/media?parent=1508"}],"curies":[{"name":"wp","href":"https:\/\/api.w.org\/{rel}","templated":true}]}}