{"id":372,"date":"2021-02-04T22:54:14","date_gmt":"2021-02-04T21:54:14","guid":{"rendered":"http:\/\/clbsavocats.com\/?page_id=372"},"modified":"2021-03-09T15:58:48","modified_gmt":"2021-03-09T14:58:48","slug":"terms","status":"publish","type":"page","link":"https:\/\/clbsavocats.com\/fr\/terms\/","title":{"rendered":"Mentions L\u00e9gales"},"content":{"rendered":"<div id='av-layout-grid-1'  class='av-layout-grid-container entry-content-wrapper main_color av-flex-cells     avia-builder-el-0  avia-builder-el-no-sibling  av-cell-min-height av-cell-min-height-75 container_wrap fullsize' style=' '   data-av_minimum_height_pc='75'>\n<div class=\"flex_cell no_margin av_one_full  avia-builder-el-1  avia-builder-el-no-sibling\"  style='vertical-align:top; padding:0 0 0 0 ; ' ><div class='flex_cell_inner' ><section class=\"av_textblock_section\"  itemscope=\"itemscope\" itemtype=\"https:\/\/schema.org\/CreativeWork\" ><div class='avia_textblock  av_inherit_color'  style='color:#6786a1; '  itemprop=\"text\" ><h4>R\u00e9alisation et direction artistique du site Internet : Lilicorp<br \/>\nPhotographies : M. Jorge Alexandre<\/h4>\n<p>Le site <a href=\"http:\/\/www.clbsavocats.com\" target=\"_blank\" rel=\"noopener\">www.clbsavocats.com<\/a> est \u00e9dit\u00e9 par Claire Bertheux Scott\u00e9, avocate au barreau de Paris, exer\u00e7ant 176, rue de Rivoli 75001 Paris sous le num\u00e9ro Siret n\u00b0 404 507 011 00086.<\/p>\n<p>Le site <a href=\"http:\/\/www.clbsavocats.com\" target=\"_blank\" rel=\"noopener\">www.clbsavocats.com<\/a>\u00a0est h\u00e9berg\u00e9 par <a href=\"http:\/\/www.gandi.net\" target=\"_blank\" rel=\"noopener\">www.gandi.net<\/a>.<br \/>\nLes \u00e9l\u00e9ments contenus sur le site, notamment les textes, pr\u00e9sentations, illustrations, photographies, sont prot\u00e9g\u00e9s par les droits de propri\u00e9t\u00e9 intellectuelle.  Toute reproduction, repr\u00e9sentation, distribution, totale ou partielle, par quelque proc\u00e9d\u00e9 que ce soit, du site ou de l'un de ses \u00e9l\u00e9ments, est interdite sans l'autorisation pr\u00e9alable de Claire Bertheux Scott\u00e9.<\/p>\n<\/div><\/section>\n<\/div><\/div><\/div>","protected":false},"excerpt":{"rendered":"","protected":false},"author":1,"featured_media":0,"parent":0,"menu_order":0,"comment_status":"closed","ping_status":"closed","template":"","meta":[],"yoast_head":"<!-- This site is optimized with the Yoast SEO plugin v16.1.1 - https:\/\/yoast.com\/wordpress\/plugins\/seo\/ -->\n<title>Terms - Claire BERTHEUX SCOTTE<\/title>\n<link rel=\"canonical\" href=\"https:\/\/clbsavocats.com\/fr\/terms\/\" \/>\n<meta property=\"og:locale\" content=\"fr_FR\" \/>\n<meta property=\"og:type\" content=\"article\" \/>\n<meta property=\"og:title\" content=\"Terms - Claire BERTHEUX SCOTTE\" \/>\n<meta property=\"og:url\" content=\"https:\/\/clbsavocats.com\/fr\/terms\/\" \/>\n<meta property=\"og:site_name\" content=\"Claire BERTHEUX SCOTTE\" \/>\n<meta property=\"article:modified_time\" content=\"2021-03-09T14:58:48+00:00\" \/>\n<meta name=\"twitter:card\" content=\"summary_large_image\" \/>\n<meta name=\"twitter:label1\" content=\"Dur\u00e9e de lecture est.\">\n\t<meta name=\"twitter:data1\" content=\"1 minute\">\n<script type=\"application\/ld+json\" class=\"yoast-schema-graph\">{\"@context\":\"https:\/\/schema.org\",\"@graph\":[{\"@type\":\"WebSite\",\"@id\":\"https:\/\/clbsavocats.com\/fr\/#website\",\"url\":\"https:\/\/clbsavocats.com\/fr\/\",\"name\":\"Claire BERTHEUX SCOTTE\",\"description\":\"Lawyer specialized in intellectual property law\",\"potentialAction\":[{\"@type\":\"SearchAction\",\"target\":\"https:\/\/clbsavocats.com\/fr\/?s={search_term_string}\",\"query-input\":\"required name=search_term_string\"}],\"inLanguage\":\"fr-FR\"},{\"@type\":\"WebPage\",\"@id\":\"https:\/\/clbsavocats.com\/terms\/#webpage\",\"url\":\"https:\/\/clbsavocats.com\/terms\/\",\"name\":\"Terms - Claire BERTHEUX SCOTTE\",\"isPartOf\":{\"@id\":\"https:\/\/clbsavocats.com\/fr\/#website\"},\"datePublished\":\"2021-02-04T21:54:14+00:00\",\"dateModified\":\"2021-03-09T14:58:48+00:00\",\"breadcrumb\":{\"@id\":\"https:\/\/clbsavocats.com\/terms\/#breadcrumb\"},\"inLanguage\":\"fr-FR\",\"potentialAction\":[{\"@type\":\"ReadAction\",\"target\":[\"https:\/\/clbsavocats.com\/terms\/\"]}]},{\"@type\":\"BreadcrumbList\",\"@id\":\"https:\/\/clbsavocats.com\/terms\/#breadcrumb\",\"itemListElement\":[{\"@type\":\"ListItem\",\"position\":1,\"item\":{\"@type\":\"WebPage\",\"@id\":\"https:\/\/clbsavocats.com\/claire-bertheux-scotte-avocate-droit-propriete-intellectuelle-marques-paris\/\",\"url\":\"https:\/\/clbsavocats.com\/claire-bertheux-scotte-avocate-droit-propriete-intellectuelle-marques-paris\/\",\"name\":\"Accueil\"}},{\"@type\":\"ListItem\",\"position\":2,\"item\":{\"@type\":\"WebPage\",\"@id\":\"https:\/\/clbsavocats.com\/terms\/\",\"url\":\"https:\/\/clbsavocats.com\/terms\/\",\"name\":\"Terms\"}}]}]}<\/script>\n<!-- \/ Yoast SEO plugin. -->","_links":{"self":[{"href":"https:\/\/clbsavocats.com\/fr\/wp-json\/wp\/v2\/pages\/372"}],"collection":[{"href":"https:\/\/clbsavocats.com\/fr\/wp-json\/wp\/v2\/pages"}],"about":[{"href":"https:\/\/clbsavocats.com\/fr\/wp-json\/wp\/v2\/types\/page"}],"author":[{"embeddable":true,"href":"https:\/\/clbsavocats.com\/fr\/wp-json\/wp\/v2\/users\/1"}],"replies":[{"embeddable":true,"href":"https:\/\/clbsavocats.com\/fr\/wp-json\/wp\/v2\/comments?post=372"}],"version-history":[{"count":20,"href":"https:\/\/clbsavocats.com\/fr\/wp-json\/wp\/v2\/pages\/372\/revisions"}],"predecessor-version":[{"id":1310,"href":"https:\/\/clbsavocats.com\/fr\/wp-json\/wp\/v2\/pages\/372\/revisions\/1310"}],"wp:attachment":[{"href":"https:\/\/clbsavocats.com\/fr\/wp-json\/wp\/v2\/media?parent=372"}],"curies":[{"name":"wp","href":"https:\/\/api.w.org\/{rel}","templated":true}]}}