{"id":375,"date":"2021-02-04T23:01:31","date_gmt":"2021-02-04T22:01:31","guid":{"rendered":"http:\/\/clbsavocats.com\/?page_id=375"},"modified":"2021-03-09T15:51:37","modified_gmt":"2021-03-09T14:51:37","slug":"cookie-privacy","status":"publish","type":"page","link":"https:\/\/clbsavocats.com\/fr\/cookie-privacy\/","title":{"rendered":"Cookies"},"content":{"rendered":"<div id='av-layout-grid-1'  class='av-layout-grid-container entry-content-wrapper main_color av-flex-cells     avia-builder-el-0  avia-builder-el-no-sibling  av-cell-min-height av-cell-min-height-75 container_wrap fullsize' style=' '   data-av_minimum_height_pc='75'>\n<div class=\"flex_cell no_margin av_one_full  avia-builder-el-1  avia-builder-el-no-sibling\" ><div class='flex_cell_inner' ><section class=\"av_textblock_section\"  itemscope=\"itemscope\" itemtype=\"https:\/\/schema.org\/CreativeWork\" ><div class='avia_textblock  av_inherit_color'  style='color:#6786a1; '  itemprop=\"text\" ><h3>Ce site utilise des cookies - de petits fichiers texte plac\u00e9s sur votre ordinateur pour aider le site \u00e0 offrir une meilleure exp\u00e9rience utilisateur.<\/h3>\n<p>En g\u00e9n\u00e9ral, les cookies sont utilis\u00e9s pour conserver les pr\u00e9f\u00e9rences de l'utilisateur, stocker des informations pour des \u00e9l\u00e9ments tels que les paniers d'achat et fournir des donn\u00e9es de suivi anonymis\u00e9es \u00e0 des applications tierces telles que Google Analytics.  En r\u00e8gle g\u00e9n\u00e9rale, les cookies am\u00e9lioreront votre exp\u00e9rience de navigation.  Cependant, vous pouvez pr\u00e9f\u00e9rer d\u00e9sactiver les cookies sur ce site et sur d'autres.  Le moyen le plus efficace pour ce faire est de d\u00e9sactiver les cookies dans votre navigateur.<\/p>\n<\/div><\/section>\n<\/div><\/div><\/div>","protected":false},"excerpt":{"rendered":"","protected":false},"author":1,"featured_media":0,"parent":0,"menu_order":0,"comment_status":"closed","ping_status":"closed","template":"","meta":[],"yoast_head":"<!-- This site is optimized with the Yoast SEO plugin v16.1.1 - https:\/\/yoast.com\/wordpress\/plugins\/seo\/ -->\n<title>Cookie Privacy - Claire BERTHEUX SCOTTE<\/title>\n<link rel=\"canonical\" href=\"https:\/\/clbsavocats.com\/fr\/cookie-privacy\/\" \/>\n<meta property=\"og:locale\" content=\"fr_FR\" \/>\n<meta property=\"og:type\" content=\"article\" \/>\n<meta property=\"og:title\" content=\"Cookie Privacy - Claire BERTHEUX SCOTTE\" \/>\n<meta property=\"og:url\" content=\"https:\/\/clbsavocats.com\/fr\/cookie-privacy\/\" \/>\n<meta property=\"og:site_name\" content=\"Claire BERTHEUX SCOTTE\" \/>\n<meta property=\"article:modified_time\" content=\"2021-03-09T14:51:37+00:00\" \/>\n<meta name=\"twitter:card\" content=\"summary_large_image\" \/>\n<meta name=\"twitter:label1\" content=\"Dur\u00e9e de lecture est.\">\n\t<meta name=\"twitter:data1\" content=\"1 minute\">\n<script type=\"application\/ld+json\" class=\"yoast-schema-graph\">{\"@context\":\"https:\/\/schema.org\",\"@graph\":[{\"@type\":\"WebSite\",\"@id\":\"https:\/\/clbsavocats.com\/fr\/#website\",\"url\":\"https:\/\/clbsavocats.com\/fr\/\",\"name\":\"Claire BERTHEUX SCOTTE\",\"description\":\"Lawyer specialized in intellectual property law\",\"potentialAction\":[{\"@type\":\"SearchAction\",\"target\":\"https:\/\/clbsavocats.com\/fr\/?s={search_term_string}\",\"query-input\":\"required name=search_term_string\"}],\"inLanguage\":\"fr-FR\"},{\"@type\":\"WebPage\",\"@id\":\"https:\/\/clbsavocats.com\/fr\/cookie-privacy\/#webpage\",\"url\":\"https:\/\/clbsavocats.com\/fr\/cookie-privacy\/\",\"name\":\"Cookie Privacy - Claire BERTHEUX SCOTTE\",\"isPartOf\":{\"@id\":\"https:\/\/clbsavocats.com\/fr\/#website\"},\"datePublished\":\"2021-02-04T22:01:31+00:00\",\"dateModified\":\"2021-03-09T14:51:37+00:00\",\"breadcrumb\":{\"@id\":\"https:\/\/clbsavocats.com\/fr\/cookie-privacy\/#breadcrumb\"},\"inLanguage\":\"fr-FR\",\"potentialAction\":[{\"@type\":\"ReadAction\",\"target\":[\"https:\/\/clbsavocats.com\/fr\/cookie-privacy\/\"]}]},{\"@type\":\"BreadcrumbList\",\"@id\":\"https:\/\/clbsavocats.com\/fr\/cookie-privacy\/#breadcrumb\",\"itemListElement\":[{\"@type\":\"ListItem\",\"position\":1,\"item\":{\"@type\":\"WebPage\",\"@id\":\"https:\/\/clbsavocats.com\/claire-bertheux-scotte-avocate-droit-propriete-intellectuelle-marques-paris\/\",\"url\":\"https:\/\/clbsavocats.com\/claire-bertheux-scotte-avocate-droit-propriete-intellectuelle-marques-paris\/\",\"name\":\"Accueil\"}},{\"@type\":\"ListItem\",\"position\":2,\"item\":{\"@type\":\"WebPage\",\"@id\":\"https:\/\/clbsavocats.com\/fr\/cookie-privacy\/\",\"url\":\"https:\/\/clbsavocats.com\/fr\/cookie-privacy\/\",\"name\":\"Cookie Privacy\"}}]}]}<\/script>\n<!-- \/ Yoast SEO plugin. -->","_links":{"self":[{"href":"https:\/\/clbsavocats.com\/fr\/wp-json\/wp\/v2\/pages\/375"}],"collection":[{"href":"https:\/\/clbsavocats.com\/fr\/wp-json\/wp\/v2\/pages"}],"about":[{"href":"https:\/\/clbsavocats.com\/fr\/wp-json\/wp\/v2\/types\/page"}],"author":[{"embeddable":true,"href":"https:\/\/clbsavocats.com\/fr\/wp-json\/wp\/v2\/users\/1"}],"replies":[{"embeddable":true,"href":"https:\/\/clbsavocats.com\/fr\/wp-json\/wp\/v2\/comments?post=375"}],"version-history":[{"count":10,"href":"https:\/\/clbsavocats.com\/fr\/wp-json\/wp\/v2\/pages\/375\/revisions"}],"predecessor-version":[{"id":1301,"href":"https:\/\/clbsavocats.com\/fr\/wp-json\/wp\/v2\/pages\/375\/revisions\/1301"}],"wp:attachment":[{"href":"https:\/\/clbsavocats.com\/fr\/wp-json\/wp\/v2\/media?parent=375"}],"curies":[{"name":"wp","href":"https:\/\/api.w.org\/{rel}","templated":true}]}}