{"id":377,"date":"2021-02-04T23:02:48","date_gmt":"2021-02-04T22:02:48","guid":{"rendered":"http:\/\/clbsavocats.com\/?page_id=377"},"modified":"2021-02-11T19:04:34","modified_gmt":"2021-02-11T18:04:34","slug":"privacy-policy","status":"publish","type":"page","link":"https:\/\/clbsavocats.com\/fr\/privacy-policy\/","title":{"rendered":"Politique de confidentialit\u00e9"},"content":{"rendered":"<section class=\"av_textblock_section\"  itemscope=\"itemscope\" itemtype=\"https:\/\/schema.org\/CreativeWork\" ><div class='avia_textblock  av_inherit_color'  style='color:#6786a1; '  itemprop=\"text\" ><p><strong>Traitement et finalit\u00e9 des donn\u00e9es<\/strong><br \/>\nClaire BERTHEUX SCOTTE traite des donn\u00e9es \u00e0 caract\u00e8re personnel en tant que responsable du traitement dans le but de fournir les services \u00e0 ses clients et de g\u00e9rer ses relations avec ses clients. Claire BERTHEUX SCOTTE peut \u00e9galement envoyer occasionnellement des actualit\u00e9s sur son activit\u00e9 ou des sujets juridiques susceptibles d\u2019int\u00e9resser les clients ou prospects.<\/p>\n<p><strong>Base l\u00e9gale<\/strong><br \/>\nLe traitement par Claire BERTHEUX SCOTTE des donn\u00e9es \u00e0 caract\u00e8re personnel (\u00ab Donn\u00e9es Personnelles \u00bb) de ses clients ou leurs employ\u00e9s, repr\u00e9sentants l\u00e9gaux ou agents (les \u00ab Personnes Concern\u00e9es \u00bb) est bas\u00e9 sur les fondements l\u00e9gaux suivants :<\/p>\n<ul>\n<li>l\u2019ex\u00e9cution d\u2019un contrat, pour la fourniture des services<\/li>\n<li>le respect des obligations l\u00e9gales et r\u00e9glementaires en mati\u00e8re de lutte contre le blanchiment de capitaux, de facturation et de comptabilit\u00e9<\/li>\n<li>l\u2019int\u00e9r\u00eat l\u00e9gitime de Claire BERTHEUX SCOTTE, pour la gestion des relations avec ses clients, l\u2019envoi d\u2019actualit\u00e9s ou l\u2019organisation d\u2019\u00e9v\u00e8nements pour le cabinet.<\/li>\n<\/ul>\n<p><strong>Destinataires<\/strong><br \/>\nLes Donn\u00e9es Personnelles sont destin\u00e9es uniquement \u00e0 Claire BERTHEUX SCOTTE. Les donn\u00e9es ne sont pas communiqu\u00e9es \u00e0 des tiers sans l\u2019autorisation pr\u00e9alable du Client, \u00e0 l\u2019exception des prestataires informatiques et comptables de Claire BERTHEUX SCOTTE qui peuvent avoir acc\u00e8s aux Donn\u00e9es Personnelles dans le cadre de l\u2019ex\u00e9cution de leurs services. Claire BERTHEUX SCOTTE s\u2019engage \u00e0 conclure avec ces prestataires un contrat pr\u00e9voyant les obligations de s\u00e9curit\u00e9 et de confidentialit\u00e9 ad\u00e9quates.<\/p>\n<p><strong>P\u00e9riode de conservation<\/strong><br \/>\nClaire BERTHEUX SCOTTE conserve les Donn\u00e9es Personnelles uniquement pour la dur\u00e9e de la relation avec ses clients, puis pour une dur\u00e9e de trois ans \u00e0 compter du dernier contact avec ses clients. Les donn\u00e9es sont ensuite archiv\u00e9es pendant le d\u00e9lai de prescription l\u00e9gal. Pour les prospects, les Donn\u00e9es Personnelles sont conserv\u00e9es pendant une dur\u00e9e de trois ans apr\u00e8s le dernier contact avec ce prospect.<\/p>\n<p><strong>Transfert des donn\u00e9es hors UE<\/strong><br \/>\nLes Donn\u00e9es Personnelles sont stock\u00e9es sur des serveurs situ\u00e9s en Europe. Aucun transfert de ces donn\u00e9es vers d\u2019autres pays n\u2019offrant pas une protection ad\u00e9quate n\u2019est r\u00e9alis\u00e9.<\/p>\n<p><strong>Droits des Personnes Concern\u00e9es<\/strong><br \/>\nConform\u00e9ment aux dispositions l\u00e9gales applicables, les Personnes Concern\u00e9es disposent d\u2019un droit d\u2019acc\u00e8s, de rectification et, dans certains cas, de suppression de leurs informations. Elles peuvent aussi, dans certaines circonstances, exiger que Claire BERTHEUX SCOTTE limite le traitement de leurs Donn\u00e9es Personnelles ou leur fournisse leurs Donn\u00e9es Personnelles dans un format structur\u00e9, couramment utilis\u00e9 et lisible par machine. Les Personnes Concern\u00e9es peuvent aussi, \u00e0 tout moment, retirer leur consentement \u00e0 l\u2019utilisation de leurs Donn\u00e9es Personnelles \u00e0 des fins marketings.<\/p>\n<p><strong>Contact<\/strong><br \/>\nLes Personnes Concern\u00e9es peuvent demander des informations compl\u00e9mentaires \u00e0 propos de leurs droits mentionn\u00e9s ci-dessus et la mani\u00e8re de les exercer en adressant un email \u00e0 bertheux@clbsavocats.com. Afin de prot\u00e9ger leur vie priv\u00e9e et leur s\u00e9curit\u00e9, Claire BERTHEUX SCOTTE peut \u00eatre amen\u00e9e \u00e0 demander un justificatif d\u2019identit\u00e9 avant d\u2019accorder l\u2019acc\u00e8s ou d\u2019apporter des corrections.<\/p>\n<p><strong>Plaintes<\/strong><br \/>\nLes Personnes Concern\u00e9es ont \u00e9galement le droit de d\u00e9poser une plainte aupr\u00e8s de l\u2019autorit\u00e9 de contr\u00f4le de leur pays en mati\u00e8re de donn\u00e9es personnelles.<\/p>\n<\/div><\/section>","protected":false},"excerpt":{"rendered":"","protected":false},"author":1,"featured_media":0,"parent":0,"menu_order":0,"comment_status":"closed","ping_status":"closed","template":"","meta":[],"yoast_head":"<!-- This site is optimized with the Yoast SEO plugin v16.1.1 - https:\/\/yoast.com\/wordpress\/plugins\/seo\/ -->\n<title>Privacy Policy - Claire BERTHEUX SCOTTE<\/title>\n<link rel=\"canonical\" href=\"https:\/\/clbsavocats.com\/fr\/privacy-policy\/\" \/>\n<meta property=\"og:locale\" content=\"fr_FR\" \/>\n<meta property=\"og:type\" content=\"article\" \/>\n<meta property=\"og:title\" content=\"Privacy Policy - Claire BERTHEUX SCOTTE\" \/>\n<meta property=\"og:url\" content=\"https:\/\/clbsavocats.com\/fr\/privacy-policy\/\" \/>\n<meta property=\"og:site_name\" content=\"Claire BERTHEUX SCOTTE\" \/>\n<meta property=\"article:modified_time\" content=\"2021-02-11T18:04:34+00:00\" \/>\n<meta name=\"twitter:card\" content=\"summary_large_image\" \/>\n<meta name=\"twitter:label1\" content=\"Dur\u00e9e de lecture est.\">\n\t<meta name=\"twitter:data1\" content=\"2 minutes\">\n<script type=\"application\/ld+json\" class=\"yoast-schema-graph\">{\"@context\":\"https:\/\/schema.org\",\"@graph\":[{\"@type\":\"WebSite\",\"@id\":\"https:\/\/clbsavocats.com\/fr\/#website\",\"url\":\"https:\/\/clbsavocats.com\/fr\/\",\"name\":\"Claire BERTHEUX SCOTTE\",\"description\":\"Lawyer specialized in intellectual property law\",\"potentialAction\":[{\"@type\":\"SearchAction\",\"target\":\"https:\/\/clbsavocats.com\/fr\/?s={search_term_string}\",\"query-input\":\"required name=search_term_string\"}],\"inLanguage\":\"fr-FR\"},{\"@type\":\"WebPage\",\"@id\":\"https:\/\/clbsavocats.com\/privacy-policy\/#webpage\",\"url\":\"https:\/\/clbsavocats.com\/privacy-policy\/\",\"name\":\"Privacy Policy - Claire BERTHEUX SCOTTE\",\"isPartOf\":{\"@id\":\"https:\/\/clbsavocats.com\/fr\/#website\"},\"datePublished\":\"2021-02-04T22:02:48+00:00\",\"dateModified\":\"2021-02-11T18:04:34+00:00\",\"breadcrumb\":{\"@id\":\"https:\/\/clbsavocats.com\/privacy-policy\/#breadcrumb\"},\"inLanguage\":\"fr-FR\",\"potentialAction\":[{\"@type\":\"ReadAction\",\"target\":[\"https:\/\/clbsavocats.com\/privacy-policy\/\"]}]},{\"@type\":\"BreadcrumbList\",\"@id\":\"https:\/\/clbsavocats.com\/privacy-policy\/#breadcrumb\",\"itemListElement\":[{\"@type\":\"ListItem\",\"position\":1,\"item\":{\"@type\":\"WebPage\",\"@id\":\"https:\/\/clbsavocats.com\/claire-bertheux-scotte-avocate-droit-propriete-intellectuelle-marques-paris\/\",\"url\":\"https:\/\/clbsavocats.com\/claire-bertheux-scotte-avocate-droit-propriete-intellectuelle-marques-paris\/\",\"name\":\"Accueil\"}},{\"@type\":\"ListItem\",\"position\":2,\"item\":{\"@type\":\"WebPage\",\"@id\":\"https:\/\/clbsavocats.com\/privacy-policy\/\",\"url\":\"https:\/\/clbsavocats.com\/privacy-policy\/\",\"name\":\"Privacy Policy\"}}]}]}<\/script>\n<!-- \/ Yoast SEO plugin. -->","_links":{"self":[{"href":"https:\/\/clbsavocats.com\/fr\/wp-json\/wp\/v2\/pages\/377"}],"collection":[{"href":"https:\/\/clbsavocats.com\/fr\/wp-json\/wp\/v2\/pages"}],"about":[{"href":"https:\/\/clbsavocats.com\/fr\/wp-json\/wp\/v2\/types\/page"}],"author":[{"embeddable":true,"href":"https:\/\/clbsavocats.com\/fr\/wp-json\/wp\/v2\/users\/1"}],"replies":[{"embeddable":true,"href":"https:\/\/clbsavocats.com\/fr\/wp-json\/wp\/v2\/comments?post=377"}],"version-history":[{"count":15,"href":"https:\/\/clbsavocats.com\/fr\/wp-json\/wp\/v2\/pages\/377\/revisions"}],"predecessor-version":[{"id":730,"href":"https:\/\/clbsavocats.com\/fr\/wp-json\/wp\/v2\/pages\/377\/revisions\/730"}],"wp:attachment":[{"href":"https:\/\/clbsavocats.com\/fr\/wp-json\/wp\/v2\/media?parent=377"}],"curies":[{"name":"wp","href":"https:\/\/api.w.org\/{rel}","templated":true}]}}